{"id":6,"date":"2019-09-18T12:27:16","date_gmt":"2019-09-18T10:27:16","guid":{"rendered":"https:\/\/www.trucmuche.fr\/forum\/?page_id=6"},"modified":"2019-09-20T08:34:17","modified_gmt":"2019-09-20T06:34:17","slug":"sinscrire","status":"publish","type":"page","link":"https:\/\/www.trucmuche.fr\/forum\/sinscrire\/","title":{"rendered":"S&rsquo;inscrire"},"content":{"rendered":"\n<p>Apr\u00e8s la validation de ce formulaire, vous recevrez un email pour cr\u00e9er votre mot de passe. ( V\u00e9rifier vos spams si vous ne trouvez rien)<\/p>\n\n\n\n\n<form method=\"post\" action=\"https:\/\/www.trucmuche.fr\/forum\/wp-login.php\" class=\"bbp-login-form\">\n\t<fieldset class=\"bbp-form\">\n\t\t<legend>Cr\u00e9er un compte<\/legend>\n\n\t\t\n\t\t<div class=\"bbp-template-notice\">\n\t\t\t<ul>\n\t\t\t\t<li>Votre identifiant doit \u00eatre unique et ne peut pas \u00eatre modifi\u00e9 ult\u00e9rieurement.<\/li>\n\t\t\t\t<li>Nous utilisons votre adresse &eacute;lectronique pour vous envoyer un mot de passe s&eacute;curis&eacute; et v&eacute;rifier votre compte.<\/li>\n\t\t\t<\/ul>\n\t\t<\/div>\n\n\t\t<div class=\"bbp-username\">\n\t\t\t<label for=\"user_login\">Identifiant: <\/label>\n\t\t\t<input type=\"text\" name=\"user_login\" value=\"\" size=\"20\" id=\"user_login\" maxlength=\"100\" autocomplete=\"off\" \/>\n\t\t<\/div>\n\n\t\t<div class=\"bbp-email\">\n\t\t\t<label for=\"user_email\">E-mail : <\/label>\n\t\t\t<input type=\"text\" name=\"user_email\" value=\"\" size=\"20\" id=\"user_email\" maxlength=\"100\" autocomplete=\"off\" \/>\n\t\t<\/div>\n\n\t\t      <p class=\"loginpress-reg-pass-wrap\">\n        <label for=\"loginpress-reg-pass\">Mot de passe<\/label>\n        <input autocomplete=\"off\" name=\"loginpress-reg-pass\" id=\"loginpress-reg-pass\" class=\"input\" size=\"20\" value=\"\" type=\"password\" \/>\n      <\/p>\n      <p class=\"loginpress-reg-pass-2-wrap\">\n        <label for=\"loginpress-reg-pass-2\">Confirmez le mot de passe<\/label>\n        <input autocomplete=\"off\" name=\"loginpress-reg-pass-2\" id=\"loginpress-reg-pass-2\" class=\"input\" size=\"20\" value=\"\" type=\"password\" \/>\n      <\/p>\n      \n\t\t<div class=\"bbp-submit-wrapper\">\n\n\t\t\t<button type=\"submit\" name=\"user-submit\" class=\"button submit user-submit\">Inscription<\/button>\n\n\t\t\t\n\t<input type=\"hidden\" name=\"action\"      value=\"register\" \/>\n\t<input type=\"hidden\" name=\"user-cookie\" value=\"1\" \/>\n\n\t<input type=\"hidden\" id=\"bbp_redirect_to\" name=\"redirect_to\" value=\"?checkemail=registered\" \/><input type=\"hidden\" id=\"_wpnonce\" name=\"_wpnonce\" value=\"c1c8f06a97\" \/><input type=\"hidden\" name=\"_wp_http_referer\" value=\"\/forum\/wp-json\/wp\/v2\/pages\/6\" \/>\n\t\t<\/div>\n\n\t\t\n\t<\/fieldset>\n<\/form>\n\n\n\n\n<p><\/p>\n\n\n\n<p class=\"has-small-font-size\">En validant ce formulaire vous acceptez que La Voix du Nord, responsable de traitement, traite vos donn\u00e9es \u00e0 caract\u00e8re personnelles pour les finalit\u00e9s suivantes : cr\u00e9ation et gestion de votre compte abonn\u00e9. Vous disposez d\u2019un droit d\u2019acc\u00e8s, de modification, de limitation, de suppression, d\u2019opposition, de rectification et de portabilit\u00e9 des donn\u00e9es personnelles vous concernant. Pour plus de d\u2019information consultez notre <a href=\"http:\/\/www.rossel-lavoix.fr\/Gouvernance-et-Valeurs\/RGPD\/Politique-de-protection-de-la-vie-privee\" target=\"_blank\" rel=\"noreferrer noopener\">Politique de protection de la vie priv\u00e9e<\/a>.<\/p>\n","protected":false},"excerpt":{"rendered":"<p>Apr\u00e8s la validation de ce formulaire, vous recevrez un email pour cr\u00e9er votre mot de passe. ( V\u00e9rifier vos spams si vous ne trouvez rien) En validant ce formulaire vous acceptez que La Voix du Nord, responsable de traitement, traite vos donn\u00e9es \u00e0 caract\u00e8re personnelles pour les finalit\u00e9s suivantes : cr\u00e9ation et gestion de votre [&hellip;]<\/p>\n","protected":false},"author":1,"featured_media":0,"parent":0,"menu_order":0,"comment_status":"closed","ping_status":"closed","template":"","meta":{"_bbp_topic_count":0,"_bbp_reply_count":0,"_bbp_total_topic_count":0,"_bbp_total_reply_count":0,"_bbp_voice_count":0,"_bbp_anonymous_reply_count":0,"_bbp_topic_count_hidden":0,"_bbp_reply_count_hidden":0,"_bbp_forum_subforum_count":0},"_links":{"self":[{"href":"https:\/\/www.trucmuche.fr\/forum\/wp-json\/wp\/v2\/pages\/6"}],"collection":[{"href":"https:\/\/www.trucmuche.fr\/forum\/wp-json\/wp\/v2\/pages"}],"about":[{"href":"https:\/\/www.trucmuche.fr\/forum\/wp-json\/wp\/v2\/types\/page"}],"author":[{"embeddable":true,"href":"https:\/\/www.trucmuche.fr\/forum\/wp-json\/wp\/v2\/users\/1"}],"replies":[{"embeddable":true,"href":"https:\/\/www.trucmuche.fr\/forum\/wp-json\/wp\/v2\/comments?post=6"}],"version-history":[{"count":4,"href":"https:\/\/www.trucmuche.fr\/forum\/wp-json\/wp\/v2\/pages\/6\/revisions"}],"predecessor-version":[{"id":132,"href":"https:\/\/www.trucmuche.fr\/forum\/wp-json\/wp\/v2\/pages\/6\/revisions\/132"}],"wp:attachment":[{"href":"https:\/\/www.trucmuche.fr\/forum\/wp-json\/wp\/v2\/media?parent=6"}],"curies":[{"name":"wp","href":"https:\/\/api.w.org\/{rel}","templated":true}]}}