{"id":107,"date":"2019-09-19T14:25:12","date_gmt":"2019-09-19T12:25:12","guid":{"rendered":"https:\/\/www.trucmuche.fr\/forum\/?page_id=107"},"modified":"2019-09-19T16:24:41","modified_gmt":"2019-09-19T14:24:41","slug":"contact","status":"publish","type":"page","link":"https:\/\/www.trucmuche.fr\/forum\/contact\/","title":{"rendered":"Contact"},"content":{"rendered":"\n<p>Vous avez une question, une requ\u00eate? <br>N&rsquo;h\u00e9sitez pas \u00e0 nous contacter via le formulaire suivant.<\/p>\n\n\n<div role=\"form\" class=\"wpcf7\" id=\"wpcf7-f33-o1\" lang=\"fr-FR\" dir=\"ltr\">\n<div class=\"screen-reader-response\"><p role=\"status\" aria-live=\"polite\" aria-atomic=\"true\"><\/p> <ul><\/ul><\/div>\n<form action=\"\/forum\/wp-json\/wp\/v2\/pages\/107#wpcf7-f33-o1\" method=\"post\" class=\"wpcf7-form init\" novalidate=\"novalidate\" data-status=\"init\">\n<div style=\"display: none;\">\n<input type=\"hidden\" name=\"_wpcf7\" value=\"33\" \/>\n<input type=\"hidden\" name=\"_wpcf7_version\" value=\"5.6.3\" \/>\n<input type=\"hidden\" name=\"_wpcf7_locale\" value=\"fr_FR\" \/>\n<input type=\"hidden\" name=\"_wpcf7_unit_tag\" value=\"wpcf7-f33-o1\" \/>\n<input type=\"hidden\" name=\"_wpcf7_container_post\" value=\"0\" \/>\n<input type=\"hidden\" name=\"_wpcf7_posted_data_hash\" value=\"\" \/>\n<\/div>\n<p><label> Votre nom (obligatoire)<br \/>\n    <span class=\"wpcf7-form-control-wrap\" data-name=\"your-name\"><input type=\"text\" name=\"your-name\" value=\"\" size=\"40\" class=\"wpcf7-form-control wpcf7-text wpcf7-validates-as-required\" aria-required=\"true\" aria-invalid=\"false\" \/><\/span> <\/label><\/p>\n<p><label> Votre adresse de messagerie (obligatoire)<br \/>\n    <span class=\"wpcf7-form-control-wrap\" data-name=\"your-email\"><input type=\"email\" name=\"your-email\" value=\"\" size=\"40\" class=\"wpcf7-form-control wpcf7-text wpcf7-email wpcf7-validates-as-required wpcf7-validates-as-email\" aria-required=\"true\" aria-invalid=\"false\" \/><\/span> <\/label><\/p>\n<p><label> Objet<br \/>\n    <span class=\"wpcf7-form-control-wrap\" data-name=\"your-subject\"><input type=\"text\" name=\"your-subject\" value=\"\" size=\"40\" class=\"wpcf7-form-control wpcf7-text\" aria-invalid=\"false\" \/><\/span> <\/label><\/p>\n<p><label> Votre message<br \/>\n    <span class=\"wpcf7-form-control-wrap\" data-name=\"your-message\"><textarea name=\"your-message\" cols=\"40\" rows=\"10\" class=\"wpcf7-form-control wpcf7-textarea\" aria-invalid=\"false\"><\/textarea><\/span> <\/label><\/p>\n<p><div id=\"cf7sr-69f57cf84d1f7\" class=\"cf7sr-g-recaptcha\" data-sitekey=\"6LcuHrkUAAAAAHLSufLNWjmGAy83WXZqB87JkDe4\"><\/div><span class=\"wpcf7-form-control-wrap cf7sr-recaptcha\" data-name=\"cf7sr-recaptcha\"><input type=\"hidden\" name=\"cf7sr-recaptcha\" value=\"\" class=\"wpcf7-form-control\"><\/span><br \/>\n<input type=\"submit\" value=\"Envoyer\" class=\"wpcf7-form-control has-spinner wpcf7-submit\" \/><\/p>\n<p style=\"display: none !important;\"><label>&#916;<textarea name=\"_wpcf7_ak_hp_textarea\" cols=\"45\" rows=\"8\" maxlength=\"100\"><\/textarea><\/label><input type=\"hidden\" id=\"ak_js_1\" name=\"_wpcf7_ak_js\" value=\"28\"\/><script>document.getElementById( \"ak_js_1\" ).setAttribute( \"value\", ( new Date() ).getTime() );<\/script><\/p><div class=\"wpcf7-response-output\" aria-hidden=\"true\"><\/div><\/form><\/div>\n\n\n\n<p class=\"has-small-font-size\"><em>En validant ce formulaire vous acceptez que La Voix du Nord, responsable de traitement, traite vos donn\u00e9es \u00e0 caract\u00e8re personnelles pour les finalit\u00e9s suivantes : traitement et gestion de votre demande. Vous disposez d\u2019un droit d\u2019acc\u00e8s, de modification, de limitation, de suppression, d\u2019opposition, de rectification et de portabilit\u00e9 des donn\u00e9es personnelles vous concernant. Pour plus de d\u2019information consultez notre <a href=\"http:\/\/www.rossel-lavoix.fr\/Gouvernance-et-Valeurs\/RGPD\/Politique-de-protection-de-la-vie-privee\">Politique de protection de la vie priv\u00e9e<\/a><\/em><\/p>\n","protected":false},"excerpt":{"rendered":"<p>Vous avez une question, une requ\u00eate? N&rsquo;h\u00e9sitez pas \u00e0 nous contacter via le formulaire suivant. En validant ce formulaire vous acceptez que La Voix du Nord, responsable de traitement, traite vos donn\u00e9es \u00e0 caract\u00e8re personnelles pour les finalit\u00e9s suivantes : traitement et gestion de votre demande. Vous disposez d\u2019un droit d\u2019acc\u00e8s, de modification, de limitation, [&hellip;]<\/p>\n","protected":false},"author":1,"featured_media":0,"parent":0,"menu_order":0,"comment_status":"closed","ping_status":"closed","template":"","meta":{"_bbp_topic_count":0,"_bbp_reply_count":0,"_bbp_total_topic_count":0,"_bbp_total_reply_count":0,"_bbp_voice_count":0,"_bbp_anonymous_reply_count":0,"_bbp_topic_count_hidden":0,"_bbp_reply_count_hidden":0,"_bbp_forum_subforum_count":0},"_links":{"self":[{"href":"https:\/\/www.trucmuche.fr\/forum\/wp-json\/wp\/v2\/pages\/107"}],"collection":[{"href":"https:\/\/www.trucmuche.fr\/forum\/wp-json\/wp\/v2\/pages"}],"about":[{"href":"https:\/\/www.trucmuche.fr\/forum\/wp-json\/wp\/v2\/types\/page"}],"author":[{"embeddable":true,"href":"https:\/\/www.trucmuche.fr\/forum\/wp-json\/wp\/v2\/users\/1"}],"replies":[{"embeddable":true,"href":"https:\/\/www.trucmuche.fr\/forum\/wp-json\/wp\/v2\/comments?post=107"}],"version-history":[{"count":2,"href":"https:\/\/www.trucmuche.fr\/forum\/wp-json\/wp\/v2\/pages\/107\/revisions"}],"predecessor-version":[{"id":124,"href":"https:\/\/www.trucmuche.fr\/forum\/wp-json\/wp\/v2\/pages\/107\/revisions\/124"}],"wp:attachment":[{"href":"https:\/\/www.trucmuche.fr\/forum\/wp-json\/wp\/v2\/media?parent=107"}],"curies":[{"name":"wp","href":"https:\/\/api.w.org\/{rel}","templated":true}]}}